{"id":67,"date":"2021-06-04T18:18:25","date_gmt":"2021-06-04T16:18:25","guid":{"rendered":"http:\/\/zickzack.net\/?page_id=67"},"modified":"2025-04-12T17:48:21","modified_gmt":"2025-04-12T15:48:21","slug":"anhaenger-vermietung","status":"publish","type":"page","link":"https:\/\/zickzack.net\/?page_id=67","title":{"rendered":"Anh\u00e4nger Vermietung"},"content":{"rendered":"\n<p style=\"font-size:32px\"><strong>Vermietung von Kfz.-Anh\u00e4ngern<\/strong><\/p>\n\n\n\n<p><\/p>\n\n\n\n<p class=\"has-text-align-center\" style=\"font-size: 20px;\"><strong>Vorabreservierungen per<\/strong><a href=\"mailto:support@zickzack.net\"> E-Mail<\/a><\/p>\n<p>\u00a0<\/p>\n<p>Anmietung nach Terminvereinbarung mindestens 14 Tage im Voraus 15 Euro pro Tag f\u00fcr die kleinen Anh\u00e4nger.<\/p>\n<p>Kurzfristige Anmietung des kleinen Anh\u00e4ngers 20 Euro pro Tag.<\/p>\n<p><a href=\"https:\/\/zickzack.net\/?page_id=159\">Hier gelangen Sie zur Anh\u00e4nger\u00fcbersicht<\/a><\/p>\n<p>\u00a0<\/p>\n\n\n\n<p><\/p>\n\n\n\n<p><\/p>\n\n\n\n<p><\/p>\n","protected":false},"excerpt":{"rendered":"<p>Vermietung von Kfz.-Anh\u00e4ngern Vorabreservierungen per E-Mail \u00a0 Anmietung nach Terminvereinbarung mindestens 14 Tage im Voraus 15 Euro pro Tag f\u00fcr die kleinen Anh\u00e4nger. Kurzfristige Anmietung des kleinen Anh\u00e4ngers 20 Euro pro Tag. Hier gelangen Sie zur Anh\u00e4nger\u00fcbersicht \u00a0<\/p>\n","protected":false},"author":1,"featured_media":0,"parent":0,"menu_order":0,"comment_status":"closed","ping_status":"closed","template":"","meta":{"_kadence_starter_templates_imported_post":false,"footnotes":""},"class_list":["post-67","page","type-page","status-publish","hentry"],"yoast_head":"<!-- This site is optimized with the Yoast SEO plugin v27.5 - https:\/\/yoast.com\/product\/yoast-seo-wordpress\/ -->\n<title>Anh\u00e4nger Vermietung - ZickZack.net<\/title>\n<meta name=\"description\" content=\"Mieten Sie Ihren ben\u00f6tigten Anh\u00e4nger. Kontaktieren Sie uns per E-Mail vorab, Wunschtermin und Kontaktdaten. Ob werktags oder am Wochenende mieten.\" \/>\n<meta name=\"robots\" content=\"index, follow, max-snippet:-1, max-image-preview:large, max-video-preview:-1\" \/>\n<link rel=\"canonical\" href=\"https:\/\/zickzack.net\/?page_id=67\" \/>\n<meta property=\"og:locale\" content=\"de_DE\" \/>\n<meta property=\"og:type\" content=\"article\" \/>\n<meta property=\"og:title\" content=\"Anh\u00e4nger Vermietung - ZickZack.net\" \/>\n<meta property=\"og:description\" content=\"Mieten Sie Ihren ben\u00f6tigten Anh\u00e4nger. Kontaktieren Sie uns per E-Mail vorab, Wunschtermin und Kontaktdaten. Ob werktags oder am Wochenende mieten.\" \/>\n<meta property=\"og:url\" content=\"https:\/\/zickzack.net\/?page_id=67\" \/>\n<meta property=\"og:site_name\" content=\"ZickZack.net\" \/>\n<meta property=\"article:modified_time\" content=\"2025-04-12T15:48:21+00:00\" \/>\n<meta name=\"twitter:card\" content=\"summary_large_image\" \/>\n<meta name=\"twitter:label1\" content=\"Gesch\u00e4tzte Lesezeit\" \/>\n\t<meta name=\"twitter:data1\" content=\"1\u00a0Minute\" \/>\n<script type=\"application\/ld+json\" class=\"yoast-schema-graph\">{\"@context\":\"https:\\\/\\\/schema.org\",\"@graph\":[{\"@type\":[\"WebPage\",\"CollectionPage\"],\"@id\":\"https:\\\/\\\/zickzack.net\\\/?page_id=67\",\"url\":\"https:\\\/\\\/zickzack.net\\\/?page_id=67\",\"name\":\"Anh\u00e4nger Vermietung - ZickZack.net\",\"isPartOf\":{\"@id\":\"https:\\\/\\\/zickzack.net\\\/#website\"},\"datePublished\":\"2021-06-04T16:18:25+00:00\",\"dateModified\":\"2025-04-12T15:48:21+00:00\",\"description\":\"Mieten Sie Ihren ben\u00f6tigten Anh\u00e4nger. Kontaktieren Sie uns per E-Mail vorab, Wunschtermin und Kontaktdaten. Ob werktags oder am Wochenende mieten.\",\"breadcrumb\":{\"@id\":\"https:\\\/\\\/zickzack.net\\\/?page_id=67#breadcrumb\"},\"inLanguage\":\"de\"},{\"@type\":\"BreadcrumbList\",\"@id\":\"https:\\\/\\\/zickzack.net\\\/?page_id=67#breadcrumb\",\"itemListElement\":[{\"@type\":\"ListItem\",\"position\":1,\"name\":\"Startseite\",\"item\":\"https:\\\/\\\/zickzack.net\\\/\"},{\"@type\":\"ListItem\",\"position\":2,\"name\":\"Anh\u00e4nger mieten\"}]},{\"@type\":\"WebSite\",\"@id\":\"https:\\\/\\\/zickzack.net\\\/#website\",\"url\":\"https:\\\/\\\/zickzack.net\\\/\",\"name\":\"ZickZack.net\",\"description\":\"Anh\u00e4ngervermietung\",\"publisher\":{\"@id\":\"https:\\\/\\\/zickzack.net\\\/#\\\/schema\\\/person\\\/69416e1018e6afa5a4e4d7f2fc879143\"},\"potentialAction\":[{\"@type\":\"SearchAction\",\"target\":{\"@type\":\"EntryPoint\",\"urlTemplate\":\"https:\\\/\\\/zickzack.net\\\/?s={search_term_string}\"},\"query-input\":{\"@type\":\"PropertyValueSpecification\",\"valueRequired\":true,\"valueName\":\"search_term_string\"}}],\"inLanguage\":\"de\"},{\"@type\":[\"Person\",\"Organization\"],\"@id\":\"https:\\\/\\\/zickzack.net\\\/#\\\/schema\\\/person\\\/69416e1018e6afa5a4e4d7f2fc879143\",\"name\":\"ZickZack\",\"image\":{\"@type\":\"ImageObject\",\"inLanguage\":\"de\",\"@id\":\"https:\\\/\\\/secure.gravatar.com\\\/avatar\\\/44d2aef12046f55711adf874080d84e235e2815daa2ddea2085041b1b25d64a9?s=96&d=mm&r=g\",\"url\":\"https:\\\/\\\/secure.gravatar.com\\\/avatar\\\/44d2aef12046f55711adf874080d84e235e2815daa2ddea2085041b1b25d64a9?s=96&d=mm&r=g\",\"contentUrl\":\"https:\\\/\\\/secure.gravatar.com\\\/avatar\\\/44d2aef12046f55711adf874080d84e235e2815daa2ddea2085041b1b25d64a9?s=96&d=mm&r=g\",\"caption\":\"ZickZack\"},\"logo\":{\"@id\":\"https:\\\/\\\/secure.gravatar.com\\\/avatar\\\/44d2aef12046f55711adf874080d84e235e2815daa2ddea2085041b1b25d64a9?s=96&d=mm&r=g\"},\"sameAs\":[\"http:\\\/\\\/zickzack.net\"]}]}<\/script>\n<!-- \/ Yoast SEO plugin. -->","yoast_head_json":{"title":"Anh\u00e4nger Vermietung - ZickZack.net","description":"Mieten Sie Ihren ben\u00f6tigten Anh\u00e4nger. Kontaktieren Sie uns per E-Mail vorab, Wunschtermin und Kontaktdaten. Ob werktags oder am Wochenende mieten.","robots":{"index":"index","follow":"follow","max-snippet":"max-snippet:-1","max-image-preview":"max-image-preview:large","max-video-preview":"max-video-preview:-1"},"canonical":"https:\/\/zickzack.net\/?page_id=67","og_locale":"de_DE","og_type":"article","og_title":"Anh\u00e4nger Vermietung - ZickZack.net","og_description":"Mieten Sie Ihren ben\u00f6tigten Anh\u00e4nger. Kontaktieren Sie uns per E-Mail vorab, Wunschtermin und Kontaktdaten. Ob werktags oder am Wochenende mieten.","og_url":"https:\/\/zickzack.net\/?page_id=67","og_site_name":"ZickZack.net","article_modified_time":"2025-04-12T15:48:21+00:00","twitter_card":"summary_large_image","twitter_misc":{"Gesch\u00e4tzte Lesezeit":"1\u00a0Minute"},"schema":{"@context":"https:\/\/schema.org","@graph":[{"@type":["WebPage","CollectionPage"],"@id":"https:\/\/zickzack.net\/?page_id=67","url":"https:\/\/zickzack.net\/?page_id=67","name":"Anh\u00e4nger Vermietung - ZickZack.net","isPartOf":{"@id":"https:\/\/zickzack.net\/#website"},"datePublished":"2021-06-04T16:18:25+00:00","dateModified":"2025-04-12T15:48:21+00:00","description":"Mieten Sie Ihren ben\u00f6tigten Anh\u00e4nger. Kontaktieren Sie uns per E-Mail vorab, Wunschtermin und Kontaktdaten. Ob werktags oder am Wochenende mieten.","breadcrumb":{"@id":"https:\/\/zickzack.net\/?page_id=67#breadcrumb"},"inLanguage":"de"},{"@type":"BreadcrumbList","@id":"https:\/\/zickzack.net\/?page_id=67#breadcrumb","itemListElement":[{"@type":"ListItem","position":1,"name":"Startseite","item":"https:\/\/zickzack.net\/"},{"@type":"ListItem","position":2,"name":"Anh\u00e4nger mieten"}]},{"@type":"WebSite","@id":"https:\/\/zickzack.net\/#website","url":"https:\/\/zickzack.net\/","name":"ZickZack.net","description":"Anh\u00e4ngervermietung","publisher":{"@id":"https:\/\/zickzack.net\/#\/schema\/person\/69416e1018e6afa5a4e4d7f2fc879143"},"potentialAction":[{"@type":"SearchAction","target":{"@type":"EntryPoint","urlTemplate":"https:\/\/zickzack.net\/?s={search_term_string}"},"query-input":{"@type":"PropertyValueSpecification","valueRequired":true,"valueName":"search_term_string"}}],"inLanguage":"de"},{"@type":["Person","Organization"],"@id":"https:\/\/zickzack.net\/#\/schema\/person\/69416e1018e6afa5a4e4d7f2fc879143","name":"ZickZack","image":{"@type":"ImageObject","inLanguage":"de","@id":"https:\/\/secure.gravatar.com\/avatar\/44d2aef12046f55711adf874080d84e235e2815daa2ddea2085041b1b25d64a9?s=96&d=mm&r=g","url":"https:\/\/secure.gravatar.com\/avatar\/44d2aef12046f55711adf874080d84e235e2815daa2ddea2085041b1b25d64a9?s=96&d=mm&r=g","contentUrl":"https:\/\/secure.gravatar.com\/avatar\/44d2aef12046f55711adf874080d84e235e2815daa2ddea2085041b1b25d64a9?s=96&d=mm&r=g","caption":"ZickZack"},"logo":{"@id":"https:\/\/secure.gravatar.com\/avatar\/44d2aef12046f55711adf874080d84e235e2815daa2ddea2085041b1b25d64a9?s=96&d=mm&r=g"},"sameAs":["http:\/\/zickzack.net"]}]}},"_links":{"self":[{"href":"https:\/\/zickzack.net\/index.php?rest_route=\/wp\/v2\/pages\/67","targetHints":{"allow":["GET"]}}],"collection":[{"href":"https:\/\/zickzack.net\/index.php?rest_route=\/wp\/v2\/pages"}],"about":[{"href":"https:\/\/zickzack.net\/index.php?rest_route=\/wp\/v2\/types\/page"}],"author":[{"embeddable":true,"href":"https:\/\/zickzack.net\/index.php?rest_route=\/wp\/v2\/users\/1"}],"replies":[{"embeddable":true,"href":"https:\/\/zickzack.net\/index.php?rest_route=%2Fwp%2Fv2%2Fcomments&post=67"}],"version-history":[{"count":20,"href":"https:\/\/zickzack.net\/index.php?rest_route=\/wp\/v2\/pages\/67\/revisions"}],"predecessor-version":[{"id":375,"href":"https:\/\/zickzack.net\/index.php?rest_route=\/wp\/v2\/pages\/67\/revisions\/375"}],"wp:attachment":[{"href":"https:\/\/zickzack.net\/index.php?rest_route=%2Fwp%2Fv2%2Fmedia&parent=67"}],"curies":[{"name":"wp","href":"https:\/\/api.w.org\/{rel}","templated":true}]}}