{"id":159,"date":"2021-06-15T18:43:31","date_gmt":"2021-06-15T16:43:31","guid":{"rendered":"https:\/\/zickzack.net\/?page_id=159"},"modified":"2025-04-12T17:45:55","modified_gmt":"2025-04-12T15:45:55","slug":"uebersicht-anhaenger","status":"publish","type":"page","link":"https:\/\/zickzack.net\/?page_id=159","title":{"rendered":"\u00dcbersicht Anh\u00e4nger"},"content":{"rendered":"\n<h2 class=\"wp-block-heading\"><strong>Mieten Sie Ihren ben\u00f6tigten Anh\u00e4nger<\/strong><\/h2>\n\n\n\n<h2 class=\"wp-block-heading\">Folgende Anh\u00e4nger stehen zur Anmietung zur Verf\u00fcgung<\/h2>\n\n\n<h1>Momentan nur die untenstehenden Anh\u00e4nger verf\u00fcgbar.<\/h1>\n<h1>Keine Kippanh\u00e4nger, Autoanh\u00e4nger, K\u00fchlanh\u00e4nger oder gr\u00f6\u00dfere Anh\u00e4nger.<\/h1>\n<table style=\"border-collapse: collapse; width: 100%; height: 1055px;\">\n<tbody>\n<tr style=\"height: 327px;\">\n<td style=\"width: 57.2%; height: 327px;\">\n<p style=\"text-align: center;\"><strong>Anh\u00e4nger Nr. 1655<\/strong><\/p>\n<ul>\n<li style=\"text-align: left;\"><span style=\"color: #000000;\"><strong>ungebremst<\/strong><\/span><\/li>\n<li style=\"text-align: left;\"><span style=\"color: #000000;\"><strong>zul. Gesamtgewicht 750 kg<\/strong><\/span><\/li>\n<li style=\"text-align: left;\"><span style=\"color: #000000;\"><strong>7-poliger Stecker, 13-poliger Adapter verf\u00fcgbar<\/strong><\/span><\/li>\n<li style=\"text-align: left;\"><span style=\"color: #000000;\"><strong>Nutzlast ca. 635 kg<\/strong><\/span><\/li>\n<li style=\"text-align: left;\"><span style=\"color: #000000;\"><strong>Kasteninnenma\u00df: 202 x 107,5 x 34,5 cm (L x B x H)<\/strong><\/span><\/li>\n<li style=\"text-align: left;\"><span style=\"color: #000000;\"><strong>Ma\u00dfe \u00fcber alles: 296 x 152 x 86 cm (L x B x H)<\/strong><\/span><\/li>\n<li style=\"text-align: left;\"><span style=\"color: #000000;\"><strong>Innenh\u00f6he gesamt 1.150 mm<\/strong><\/span><\/li>\n<li style=\"text-align: left;\"><span style=\"color: #000000;\"><strong>Hochplane<\/strong><\/span><\/li>\n<li style=\"text-align: left;\"><span style=\"color: #000000;\"><strong>F\u00fchrerscheinklasse B<\/strong><\/span><\/li>\n<li><span style=\"color: #000000;\"><strong>6 Zurr\u00f6sen f\u00fcr Spanngurte vorhanden<\/strong><\/span><\/li>\n<li><span style=\"color: #000000;\"><strong>Kaution auf Anfrage<\/strong><\/span><\/li>\n<li>\n<p><span style=\"color: #ff0000;\"><strong>Anmietung nach Terminvereinbarung mindestens 14 Tage im Voraus 15 Euro pro Tag f\u00fcr die kleinen Anh\u00e4nger.<\/strong><\/span><\/p>\n<p><span style=\"color: #ff0000;\"><strong>Kurzfristige Anmietung des kleinen Anh\u00e4ngers 20 Euro pro Tag.<\/strong><\/span><\/p>\n<\/li>\n<\/ul>\n<p><span style=\"color: #ff0000;\"><strong><a href=\"https:\/\/zickzack.net\/?page_id=63\">Terminanfragen<\/a> vorab per E-Mail mit Kontaktdaten.<\/strong><\/span><\/p>\n<\/td>\n<td style=\"width: 42.8%; height: 327px;\"><a href=\"https:\/\/zickzack.net\/wp-content\/uploads\/2021\/07\/IMG-20210630-WA0009.jpg\"><img loading=\"lazy\" decoding=\"async\" class=\"size-medium wp-image-200 aligncenter\" src=\"https:\/\/zickzack.net\/wp-content\/uploads\/2021\/07\/IMG-20210630-WA0009-300x187.jpg\" alt=\"\" width=\"300\" height=\"187\" srcset=\"https:\/\/zickzack.net\/wp-content\/uploads\/2021\/07\/IMG-20210630-WA0009-300x187.jpg 300w, https:\/\/zickzack.net\/wp-content\/uploads\/2021\/07\/IMG-20210630-WA0009.jpg 565w\" sizes=\"auto, (max-width: 300px) 100vw, 300px\" \/><\/a><\/td>\n<\/tr>\n<tr style=\"height: 802px;\">\n<td style=\"width: 57.2%; height: 705px;\">\n<p style=\"text-align: center;\"><strong>Anh\u00e4nger Nr. 5617<\/strong><\/p>\n<ul>\n<li style=\"text-align: left;\"><span style=\"color: #000000;\"><strong>ungebremst<\/strong><\/span><\/li>\n<li><span style=\"color: #000000;\"><strong>doppelte Bordwand<\/strong><\/span><\/li>\n<li style=\"text-align: left;\"><span style=\"color: #000000;\"><strong>zul. Gesamtgewicht 750 kg<\/strong><\/span><\/li>\n<li style=\"text-align: left;\"><span style=\"color: #000000;\"><strong>13-poliger Stecker<\/strong><\/span><\/li>\n<li style=\"text-align: left;\"><span style=\"color: #000000;\"><strong>Nutzlast ca. 610 kg<\/strong><\/span><\/li>\n<li style=\"text-align: left;\"><span style=\"color: #000000;\"><strong>Kasteninnenma\u00df: 205 \u00d7 105 \u00d7 70 cm (L x B x H)<\/strong><\/span><\/li>\n<li style=\"text-align: left;\"><span style=\"color: #000000;\"><strong>F\u00fchrerscheinklasse B<\/strong><\/span><\/li>\n<li style=\"text-align: left;\"><span style=\"color: #000000;\"><strong>Kaution\u00a0 auf Anfrage<\/strong><\/span><\/li>\n<li>\n<p><span style=\"color: #ff0000;\"><strong>Anmietung nach Terminvereinbarung mindestens 14 Tage im Voraus 15 Euro pro Tag f\u00fcr die kleinen Anh\u00e4nger.<\/strong><\/span><\/p>\n<p><span style=\"color: #ff0000;\"><strong>Kurzfristige Anmietung des kleinen Anh\u00e4ngers 20 Euro pro Tag.<\/strong><\/span><\/p>\n<\/li>\n<\/ul>\n<p><span style=\"color: #ff0000;\"><strong><a href=\"https:\/\/zickzack.net\/?page_id=63\">Terminanfragen<\/a> vorab per E-Mail mit Kontaktdaten.<\/strong><\/span><\/p>\n<\/td>\n<td style=\"width: 42.8%; height: 705px;\">\n<p><a href=\"https:\/\/zickzack.net\/wp-content\/uploads\/2022\/04\/20220409_140352-scaled.jpg\"><img loading=\"lazy\" decoding=\"async\" class=\"size-medium wp-image-276 aligncenter\" src=\"https:\/\/zickzack.net\/wp-content\/uploads\/2022\/04\/20220409_140352-300x225.jpg\" alt=\"\" width=\"300\" height=\"225\" srcset=\"https:\/\/zickzack.net\/wp-content\/uploads\/2022\/04\/20220409_140352-300x225.jpg 300w, https:\/\/zickzack.net\/wp-content\/uploads\/2022\/04\/20220409_140352-scaled-600x450.jpg 600w, https:\/\/zickzack.net\/wp-content\/uploads\/2022\/04\/20220409_140352-1024x768.jpg 1024w, https:\/\/zickzack.net\/wp-content\/uploads\/2022\/04\/20220409_140352-768x576.jpg 768w, https:\/\/zickzack.net\/wp-content\/uploads\/2022\/04\/20220409_140352-1536x1152.jpg 1536w, https:\/\/zickzack.net\/wp-content\/uploads\/2022\/04\/20220409_140352-2048x1536.jpg 2048w\" sizes=\"auto, (max-width: 300px) 100vw, 300px\" \/><\/a><\/p>\n<p><a href=\"https:\/\/zickzack.net\/wp-content\/uploads\/2022\/04\/20220409_140324-scaled.jpg\"><img loading=\"lazy\" decoding=\"async\" class=\"size-medium wp-image-277 aligncenter\" src=\"https:\/\/zickzack.net\/wp-content\/uploads\/2022\/04\/20220409_140324-225x300.jpg\" alt=\"\" width=\"225\" height=\"300\" srcset=\"https:\/\/zickzack.net\/wp-content\/uploads\/2022\/04\/20220409_140324-225x300.jpg 225w, https:\/\/zickzack.net\/wp-content\/uploads\/2022\/04\/20220409_140324-scaled-600x800.jpg 600w, https:\/\/zickzack.net\/wp-content\/uploads\/2022\/04\/20220409_140324-768x1024.jpg 768w, https:\/\/zickzack.net\/wp-content\/uploads\/2022\/04\/20220409_140324-1152x1536.jpg 1152w, https:\/\/zickzack.net\/wp-content\/uploads\/2022\/04\/20220409_140324-1536x2048.jpg 1536w, https:\/\/zickzack.net\/wp-content\/uploads\/2022\/04\/20220409_140324-scaled.jpg 1920w\" sizes=\"auto, (max-width: 225px) 100vw, 225px\" \/><\/a><\/p>\n<\/td>\n<\/tr>\n<tr style=\"height: 23px;\">\n<td style=\"width: 57.2%; height: 23px;\" colspan=\"2\">\n<table style=\"border-collapse: collapse; width: 100%; height: 1523px;\">\n<tbody>\n<tr style=\"height: 854px;\">\n<td style=\"width: 57.2967%; height: 854px;\">\n<p style=\"text-align: center;\"><span style=\"color: #000000;\"><strong>Anh\u00e4nger Nr. 284<\/strong><\/span><\/p>\n<ul>\n<li><span style=\"color: #000000;\"><strong>gebremst<\/strong><\/span><\/li>\n<li style=\"text-align: left;\"><span style=\"color: #000000;\"><strong>zul. Gesamtgewicht 1200 kg<\/strong><\/span><\/li>\n<li style=\"text-align: left;\"><span style=\"color: #000000;\"><strong>13-poliger Stecker<\/strong><\/span><\/li>\n<li style=\"text-align: left;\"><span style=\"color: #000000;\"><strong>Nutzlast ca. 995 kg<\/strong><\/span><\/li>\n<li style=\"text-align: left;\"><span style=\"color: #000000;\"><strong>Kasteninnenma\u00df: 301 \u00d7 126 \u00d7 30 cm (L x B x H)<\/strong><\/span><\/li>\n<li><span style=\"color: #000000;\"><strong>Ladefl\u00e4che H\u00f6he 150 cm<\/strong><\/span><\/li>\n<li style=\"text-align: left;\"><span style=\"color: #000000;\"><strong>F\u00fchrerscheinklasse B<\/strong><\/span><\/li>\n<li style=\"text-align: left;\"><span style=\"color: #000000;\"><strong>Kaution\u00a0 auf Anfrage<\/strong><\/span><\/li>\n<\/ul>\n<p><strong><span style=\"color: #ff0000;\">Anmietung nach Terminvereinbarung mindestens 14 Tage im Voraus 40 Euro pro Tag\u00a0<\/span><\/strong><\/p>\n<p><strong><span style=\"color: #ff0000;\">Kurzfristige Anmietung 50 Euro pro Tag.<\/span><\/strong><\/p>\n<p><span style=\"color: #ff0000;\"><strong><a href=\"https:\/\/zickzack.net\/?page_id=63\">Terminanfragen<\/a> vorab per E-Mail mit Kontaktdaten.<\/strong><\/span><\/p>\n<\/td>\n<td style=\"width: 42.7033%; height: 854px;\">\n<p><a href=\"https:\/\/zickzack.net\/wp-content\/uploads\/2023\/11\/IMG_8456.jpg\"><img loading=\"lazy\" decoding=\"async\" class=\"size-medium wp-image-334 aligncenter\" src=\"https:\/\/zickzack.net\/wp-content\/uploads\/2023\/11\/IMG_8456-300x200.jpg\" alt=\"\" width=\"300\" height=\"200\" srcset=\"https:\/\/zickzack.net\/wp-content\/uploads\/2023\/11\/IMG_8456-300x200.jpg 300w, https:\/\/zickzack.net\/wp-content\/uploads\/2023\/11\/IMG_8456-1024x684.jpg 1024w, https:\/\/zickzack.net\/wp-content\/uploads\/2023\/11\/IMG_8456-768x513.jpg 768w, https:\/\/zickzack.net\/wp-content\/uploads\/2023\/11\/IMG_8456-600x401.jpg 600w, https:\/\/zickzack.net\/wp-content\/uploads\/2023\/11\/IMG_8456.jpg 1501w\" sizes=\"auto, (max-width: 300px) 100vw, 300px\" \/><\/a><\/p>\n<p><a href=\"https:\/\/zickzack.net\/wp-content\/uploads\/2023\/11\/IMG_8457-1-rotated-e1700589649689.jpg\"><img loading=\"lazy\" decoding=\"async\" class=\"size-medium wp-image-337 aligncenter\" src=\"https:\/\/zickzack.net\/wp-content\/uploads\/2023\/11\/IMG_8457-1-rotated-e1700589649689-238x300.jpg\" alt=\"\" width=\"238\" height=\"300\" srcset=\"https:\/\/zickzack.net\/wp-content\/uploads\/2023\/11\/IMG_8457-1-rotated-e1700589649689-238x300.jpg 238w, https:\/\/zickzack.net\/wp-content\/uploads\/2023\/11\/IMG_8457-1-rotated-e1700589649689-814x1024.jpg 814w, https:\/\/zickzack.net\/wp-content\/uploads\/2023\/11\/IMG_8457-1-rotated-e1700589649689-768x967.jpg 768w, https:\/\/zickzack.net\/wp-content\/uploads\/2023\/11\/IMG_8457-1-rotated-e1700589649689-1220x1536.jpg 1220w, https:\/\/zickzack.net\/wp-content\/uploads\/2023\/11\/IMG_8457-1-rotated-e1700589649689-600x755.jpg 600w, https:\/\/zickzack.net\/wp-content\/uploads\/2023\/11\/IMG_8457-1-rotated-e1700589649689.jpg 1253w\" sizes=\"auto, (max-width: 238px) 100vw, 238px\" \/><\/a> <a href=\"https:\/\/zickzack.net\/wp-content\/uploads\/2023\/11\/IMG_8458-rotated-e1700589681591.jpg\"><img loading=\"lazy\" decoding=\"async\" class=\"size-medium wp-image-336 aligncenter\" src=\"https:\/\/zickzack.net\/wp-content\/uploads\/2023\/11\/IMG_8458-rotated-e1700589681591-225x300.jpg\" alt=\"\" width=\"225\" height=\"300\" srcset=\"https:\/\/zickzack.net\/wp-content\/uploads\/2023\/11\/IMG_8458-rotated-e1700589681591-225x300.jpg 225w, https:\/\/zickzack.net\/wp-content\/uploads\/2023\/11\/IMG_8458-rotated-e1700589681591-768x1024.jpg 768w, https:\/\/zickzack.net\/wp-content\/uploads\/2023\/11\/IMG_8458-rotated-e1700589681591-1152x1536.jpg 1152w, https:\/\/zickzack.net\/wp-content\/uploads\/2023\/11\/IMG_8458-rotated-e1700589681591-600x800.jpg 600w, https:\/\/zickzack.net\/wp-content\/uploads\/2023\/11\/IMG_8458-rotated-e1700589681591.jpg 1279w\" sizes=\"auto, (max-width: 225px) 100vw, 225px\" \/><\/a><\/p>\n<\/td>\n<\/tr>\n<tr style=\"height: 623px;\">\n<td style=\"width: 57.2967%; height: 623px;\">\n<h3 style=\"text-align: center;\"><span style=\"color: #000000;\"><strong>Verkaufsanh\u00e4nger<\/strong><\/span><\/h3>\n<ul>\n<li>\n<p><strong>ungebremst<\/strong><\/p>\n<\/li>\n<li>\n<p><strong>zul. Gesamtgewicht 750 kg<\/strong><\/p>\n<\/li>\n<li>\n<p><strong>Nutzlast ca. 600 kg<\/strong><\/p>\n<\/li>\n<li>\n<p><strong>Kasteninnenma\u00df 200 x 106 x 152 cm<\/strong><\/p>\n<\/li>\n<li>\n<p><strong>mit Plane, an 4 Seiten hochklappbar, Gasdruckfedern<\/strong><\/p>\n<\/li>\n<li>\n<p><strong>F\u00fchrerscheinklasse B<\/strong><\/p>\n<\/li>\n<li>\n<p><strong>Kaution auf Anfrage<\/strong><\/p>\n<\/li>\n<\/ul>\n<p style=\"text-align: center;\"><span style=\"color: #ff0000;\"><strong>Anmietung nur nach Terminvereinbarung mindestens 14 Tage im Voraus 50 Euro pro Tag\u00a0<\/strong><\/span><\/p>\n<p><span style=\"color: #ff0000;\"><strong><a href=\"https:\/\/zickzack.net\/?page_id=63\">Terminanfragen<\/a> vorab per E-Mail mit Kontaktdaten.<\/strong><\/span><\/p>\n<\/td>\n<td style=\"width: 42.7033%; height: 623px;\">\u00a0<\/td>\n<\/tr>\n<tr style=\"height: 23px;\">\n<td style=\"width: 57.2967%; height: 23px;\">\u00a0<\/td>\n<td style=\"width: 42.7033%; height: 23px;\">\u00a0<\/td>\n<\/tr>\n<tr style=\"height: 23px;\">\n<td style=\"width: 57.2967%; height: 23px;\">\u00a0<\/td>\n<td style=\"width: 42.7033%; height: 23px;\">\u00a0<\/td>\n<\/tr>\n<\/tbody>\n<\/table>\n<p><span style=\"color: #ff0000;\"><strong>Buchungsanfragen bitte mit Anh\u00e4ngernummer und Ihrem gew\u00fcnschten Buchungszeitraum.<\/strong><\/span><\/p>\n<p><a href=\"https:\/\/zickzack.net\/?page_id=63\">E-Mail zur Buchungsanfrage<\/a><\/p>\n<\/td>\n<\/tr>\n<\/tbody>\n<\/table>\n<h1><strong>PKW-Anh\u00e4nger mieten<\/strong><\/h1>\n<h2>\u00a0<\/h2>\n<p><img loading=\"lazy\" decoding=\"async\" class=\"size-medium wp-image-161 aligncenter\" src=\"https:\/\/zickzack.net\/wp-content\/uploads\/2021\/06\/20210615_100720-300x206.jpg\" alt=\"\" width=\"300\" height=\"206\" srcset=\"https:\/\/zickzack.net\/wp-content\/uploads\/2021\/06\/20210615_100720-300x206.jpg 300w, https:\/\/zickzack.net\/wp-content\/uploads\/2021\/06\/20210615_100720-scaled-600x412.jpg 600w, https:\/\/zickzack.net\/wp-content\/uploads\/2021\/06\/20210615_100720-1024x703.jpg 1024w, https:\/\/zickzack.net\/wp-content\/uploads\/2021\/06\/20210615_100720-768x527.jpg 768w, https:\/\/zickzack.net\/wp-content\/uploads\/2021\/06\/20210615_100720-1536x1054.jpg 1536w, https:\/\/zickzack.net\/wp-content\/uploads\/2021\/06\/20210615_100720-2048x1406.jpg 2048w\" sizes=\"auto, (max-width: 300px) 100vw, 300px\" \/><\/p>\n\n\n<ul class=\"wp-block-list\">\n<li><strong>Anmietung nach Terminvereinbarung mindestens 14 Tage im Voraus 15 Euro pro Tag f\u00fcr die kleinen Anh\u00e4nger.<\/strong> <\/li>\n\n\n\n<li><strong>Kurzfristige Anmietung des kleinen Anh\u00e4ngers 20 Euro pro Tag.<\/strong><\/li>\n<\/ul>\n\n\n\n<p><\/p>\n","protected":false},"excerpt":{"rendered":"<p>Mieten Sie Ihren ben\u00f6tigten Anh\u00e4nger Folgende Anh\u00e4nger stehen zur Anmietung zur Verf\u00fcgung Momentan nur die untenstehenden Anh\u00e4nger verf\u00fcgbar. Keine Kippanh\u00e4nger, Autoanh\u00e4nger, K\u00fchlanh\u00e4nger oder gr\u00f6\u00dfere Anh\u00e4nger. Anh\u00e4nger Nr. 1655 ungebremst zul. Gesamtgewicht 750 kg 7-poliger Stecker, 13-poliger Adapter verf\u00fcgbar Nutzlast ca. 635 kg Kasteninnenma\u00df: 202 x 107,5 x 34,5 cm (L x B x H) Ma\u00dfe [&hellip;]<\/p>\n","protected":false},"author":1,"featured_media":0,"parent":0,"menu_order":0,"comment_status":"closed","ping_status":"closed","template":"","meta":{"_kadence_starter_templates_imported_post":false,"footnotes":""},"class_list":["post-159","page","type-page","status-publish","hentry"],"yoast_head":"<!-- This site is optimized with the Yoast SEO plugin v27.5 - https:\/\/yoast.com\/product\/yoast-seo-wordpress\/ -->\n<title>\u00dcbersicht Anh\u00e4nger - ZickZack.net<\/title>\n<meta name=\"description\" content=\"Anh\u00e4nger mieten Schweinfurt, Mieten sie Ihren Anh\u00e4nger statt kaufen. Anh\u00e4nger leihen. Verkaufsanh\u00e4nger., Planenanh\u00e4nger. Angebote ab 15 Euro.\" \/>\n<meta name=\"robots\" content=\"index, follow, max-snippet:-1, max-video-preview:-1, noimageindex\" \/>\n<link rel=\"canonical\" href=\"https:\/\/zickzack.net\/?page_id=159\" \/>\n<meta property=\"og:locale\" content=\"de_DE\" \/>\n<meta property=\"og:type\" content=\"article\" \/>\n<meta property=\"og:title\" content=\"\u00dcbersicht Anh\u00e4nger - ZickZack.net\" \/>\n<meta property=\"og:description\" content=\"Anh\u00e4nger mieten Schweinfurt, Mieten sie Ihren Anh\u00e4nger statt kaufen. Anh\u00e4nger leihen. Verkaufsanh\u00e4nger., Planenanh\u00e4nger. Angebote ab 15 Euro.\" \/>\n<meta property=\"og:url\" content=\"https:\/\/zickzack.net\/?page_id=159\" \/>\n<meta property=\"og:site_name\" content=\"ZickZack.net\" \/>\n<meta property=\"article:modified_time\" content=\"2025-04-12T15:45:55+00:00\" \/>\n<meta property=\"og:image\" content=\"https:\/\/zickzack.net\/wp-content\/uploads\/2021\/07\/IMG-20210630-WA0009.jpg\" \/>\n\t<meta property=\"og:image:width\" content=\"565\" \/>\n\t<meta property=\"og:image:height\" content=\"352\" \/>\n\t<meta property=\"og:image:type\" content=\"image\/jpeg\" \/>\n<meta name=\"twitter:card\" content=\"summary_large_image\" \/>\n<meta name=\"twitter:label1\" content=\"Gesch\u00e4tzte Lesezeit\" \/>\n\t<meta name=\"twitter:data1\" content=\"2\u00a0Minuten\" \/>\n<script type=\"application\/ld+json\" class=\"yoast-schema-graph\">{\"@context\":\"https:\\\/\\\/schema.org\",\"@graph\":[{\"@type\":\"WebPage\",\"@id\":\"https:\\\/\\\/zickzack.net\\\/?page_id=159\",\"url\":\"https:\\\/\\\/zickzack.net\\\/?page_id=159\",\"name\":\"\u00dcbersicht Anh\u00e4nger - ZickZack.net\",\"isPartOf\":{\"@id\":\"https:\\\/\\\/zickzack.net\\\/#website\"},\"primaryImageOfPage\":{\"@id\":\"https:\\\/\\\/zickzack.net\\\/?page_id=159#primaryimage\"},\"image\":{\"@id\":\"https:\\\/\\\/zickzack.net\\\/?page_id=159#primaryimage\"},\"thumbnailUrl\":\"https:\\\/\\\/zickzack.net\\\/wp-content\\\/uploads\\\/2021\\\/07\\\/IMG-20210630-WA0009-300x187.jpg\",\"datePublished\":\"2021-06-15T16:43:31+00:00\",\"dateModified\":\"2025-04-12T15:45:55+00:00\",\"description\":\"Anh\u00e4nger mieten Schweinfurt, Mieten sie Ihren Anh\u00e4nger statt kaufen. Anh\u00e4nger leihen. Verkaufsanh\u00e4nger., Planenanh\u00e4nger. Angebote ab 15 Euro.\",\"breadcrumb\":{\"@id\":\"https:\\\/\\\/zickzack.net\\\/?page_id=159#breadcrumb\"},\"inLanguage\":\"de\",\"potentialAction\":[{\"@type\":\"ReadAction\",\"target\":[\"https:\\\/\\\/zickzack.net\\\/?page_id=159\"]}]},{\"@type\":\"ImageObject\",\"inLanguage\":\"de\",\"@id\":\"https:\\\/\\\/zickzack.net\\\/?page_id=159#primaryimage\",\"url\":\"https:\\\/\\\/zickzack.net\\\/wp-content\\\/uploads\\\/2021\\\/07\\\/IMG-20210630-WA0009.jpg\",\"contentUrl\":\"https:\\\/\\\/zickzack.net\\\/wp-content\\\/uploads\\\/2021\\\/07\\\/IMG-20210630-WA0009.jpg\",\"width\":565,\"height\":352},{\"@type\":\"BreadcrumbList\",\"@id\":\"https:\\\/\\\/zickzack.net\\\/?page_id=159#breadcrumb\",\"itemListElement\":[{\"@type\":\"ListItem\",\"position\":1,\"name\":\"Startseite\",\"item\":\"https:\\\/\\\/zickzack.net\\\/\"},{\"@type\":\"ListItem\",\"position\":2,\"name\":\"\u00dcbersicht der Anh\u00e4nger\"}]},{\"@type\":\"WebSite\",\"@id\":\"https:\\\/\\\/zickzack.net\\\/#website\",\"url\":\"https:\\\/\\\/zickzack.net\\\/\",\"name\":\"ZickZack.net\",\"description\":\"Anh\u00e4ngervermietung\",\"publisher\":{\"@id\":\"https:\\\/\\\/zickzack.net\\\/#\\\/schema\\\/person\\\/69416e1018e6afa5a4e4d7f2fc879143\"},\"potentialAction\":[{\"@type\":\"SearchAction\",\"target\":{\"@type\":\"EntryPoint\",\"urlTemplate\":\"https:\\\/\\\/zickzack.net\\\/?s={search_term_string}\"},\"query-input\":{\"@type\":\"PropertyValueSpecification\",\"valueRequired\":true,\"valueName\":\"search_term_string\"}}],\"inLanguage\":\"de\"},{\"@type\":[\"Person\",\"Organization\"],\"@id\":\"https:\\\/\\\/zickzack.net\\\/#\\\/schema\\\/person\\\/69416e1018e6afa5a4e4d7f2fc879143\",\"name\":\"ZickZack\",\"image\":{\"@type\":\"ImageObject\",\"inLanguage\":\"de\",\"@id\":\"https:\\\/\\\/secure.gravatar.com\\\/avatar\\\/44d2aef12046f55711adf874080d84e235e2815daa2ddea2085041b1b25d64a9?s=96&d=mm&r=g\",\"url\":\"https:\\\/\\\/secure.gravatar.com\\\/avatar\\\/44d2aef12046f55711adf874080d84e235e2815daa2ddea2085041b1b25d64a9?s=96&d=mm&r=g\",\"contentUrl\":\"https:\\\/\\\/secure.gravatar.com\\\/avatar\\\/44d2aef12046f55711adf874080d84e235e2815daa2ddea2085041b1b25d64a9?s=96&d=mm&r=g\",\"caption\":\"ZickZack\"},\"logo\":{\"@id\":\"https:\\\/\\\/secure.gravatar.com\\\/avatar\\\/44d2aef12046f55711adf874080d84e235e2815daa2ddea2085041b1b25d64a9?s=96&d=mm&r=g\"},\"sameAs\":[\"http:\\\/\\\/zickzack.net\"]}]}<\/script>\n<!-- \/ Yoast SEO plugin. -->","yoast_head_json":{"title":"\u00dcbersicht Anh\u00e4nger - ZickZack.net","description":"Anh\u00e4nger mieten Schweinfurt, Mieten sie Ihren Anh\u00e4nger statt kaufen. Anh\u00e4nger leihen. Verkaufsanh\u00e4nger., Planenanh\u00e4nger. Angebote ab 15 Euro.","robots":{"index":"index","follow":"follow","max-snippet":"max-snippet:-1","max-video-preview":"max-video-preview:-1","imageindex":"noimageindex"},"canonical":"https:\/\/zickzack.net\/?page_id=159","og_locale":"de_DE","og_type":"article","og_title":"\u00dcbersicht Anh\u00e4nger - ZickZack.net","og_description":"Anh\u00e4nger mieten Schweinfurt, Mieten sie Ihren Anh\u00e4nger statt kaufen. Anh\u00e4nger leihen. Verkaufsanh\u00e4nger., Planenanh\u00e4nger. Angebote ab 15 Euro.","og_url":"https:\/\/zickzack.net\/?page_id=159","og_site_name":"ZickZack.net","article_modified_time":"2025-04-12T15:45:55+00:00","og_image":[{"width":565,"height":352,"url":"https:\/\/zickzack.net\/wp-content\/uploads\/2021\/07\/IMG-20210630-WA0009.jpg","type":"image\/jpeg"}],"twitter_card":"summary_large_image","twitter_misc":{"Gesch\u00e4tzte Lesezeit":"2\u00a0Minuten"},"schema":{"@context":"https:\/\/schema.org","@graph":[{"@type":"WebPage","@id":"https:\/\/zickzack.net\/?page_id=159","url":"https:\/\/zickzack.net\/?page_id=159","name":"\u00dcbersicht Anh\u00e4nger - ZickZack.net","isPartOf":{"@id":"https:\/\/zickzack.net\/#website"},"primaryImageOfPage":{"@id":"https:\/\/zickzack.net\/?page_id=159#primaryimage"},"image":{"@id":"https:\/\/zickzack.net\/?page_id=159#primaryimage"},"thumbnailUrl":"https:\/\/zickzack.net\/wp-content\/uploads\/2021\/07\/IMG-20210630-WA0009-300x187.jpg","datePublished":"2021-06-15T16:43:31+00:00","dateModified":"2025-04-12T15:45:55+00:00","description":"Anh\u00e4nger mieten Schweinfurt, Mieten sie Ihren Anh\u00e4nger statt kaufen. Anh\u00e4nger leihen. Verkaufsanh\u00e4nger., Planenanh\u00e4nger. Angebote ab 15 Euro.","breadcrumb":{"@id":"https:\/\/zickzack.net\/?page_id=159#breadcrumb"},"inLanguage":"de","potentialAction":[{"@type":"ReadAction","target":["https:\/\/zickzack.net\/?page_id=159"]}]},{"@type":"ImageObject","inLanguage":"de","@id":"https:\/\/zickzack.net\/?page_id=159#primaryimage","url":"https:\/\/zickzack.net\/wp-content\/uploads\/2021\/07\/IMG-20210630-WA0009.jpg","contentUrl":"https:\/\/zickzack.net\/wp-content\/uploads\/2021\/07\/IMG-20210630-WA0009.jpg","width":565,"height":352},{"@type":"BreadcrumbList","@id":"https:\/\/zickzack.net\/?page_id=159#breadcrumb","itemListElement":[{"@type":"ListItem","position":1,"name":"Startseite","item":"https:\/\/zickzack.net\/"},{"@type":"ListItem","position":2,"name":"\u00dcbersicht der Anh\u00e4nger"}]},{"@type":"WebSite","@id":"https:\/\/zickzack.net\/#website","url":"https:\/\/zickzack.net\/","name":"ZickZack.net","description":"Anh\u00e4ngervermietung","publisher":{"@id":"https:\/\/zickzack.net\/#\/schema\/person\/69416e1018e6afa5a4e4d7f2fc879143"},"potentialAction":[{"@type":"SearchAction","target":{"@type":"EntryPoint","urlTemplate":"https:\/\/zickzack.net\/?s={search_term_string}"},"query-input":{"@type":"PropertyValueSpecification","valueRequired":true,"valueName":"search_term_string"}}],"inLanguage":"de"},{"@type":["Person","Organization"],"@id":"https:\/\/zickzack.net\/#\/schema\/person\/69416e1018e6afa5a4e4d7f2fc879143","name":"ZickZack","image":{"@type":"ImageObject","inLanguage":"de","@id":"https:\/\/secure.gravatar.com\/avatar\/44d2aef12046f55711adf874080d84e235e2815daa2ddea2085041b1b25d64a9?s=96&d=mm&r=g","url":"https:\/\/secure.gravatar.com\/avatar\/44d2aef12046f55711adf874080d84e235e2815daa2ddea2085041b1b25d64a9?s=96&d=mm&r=g","contentUrl":"https:\/\/secure.gravatar.com\/avatar\/44d2aef12046f55711adf874080d84e235e2815daa2ddea2085041b1b25d64a9?s=96&d=mm&r=g","caption":"ZickZack"},"logo":{"@id":"https:\/\/secure.gravatar.com\/avatar\/44d2aef12046f55711adf874080d84e235e2815daa2ddea2085041b1b25d64a9?s=96&d=mm&r=g"},"sameAs":["http:\/\/zickzack.net"]}]}},"_links":{"self":[{"href":"https:\/\/zickzack.net\/index.php?rest_route=\/wp\/v2\/pages\/159","targetHints":{"allow":["GET"]}}],"collection":[{"href":"https:\/\/zickzack.net\/index.php?rest_route=\/wp\/v2\/pages"}],"about":[{"href":"https:\/\/zickzack.net\/index.php?rest_route=\/wp\/v2\/types\/page"}],"author":[{"embeddable":true,"href":"https:\/\/zickzack.net\/index.php?rest_route=\/wp\/v2\/users\/1"}],"replies":[{"embeddable":true,"href":"https:\/\/zickzack.net\/index.php?rest_route=%2Fwp%2Fv2%2Fcomments&post=159"}],"version-history":[{"count":52,"href":"https:\/\/zickzack.net\/index.php?rest_route=\/wp\/v2\/pages\/159\/revisions"}],"predecessor-version":[{"id":372,"href":"https:\/\/zickzack.net\/index.php?rest_route=\/wp\/v2\/pages\/159\/revisions\/372"}],"wp:attachment":[{"href":"https:\/\/zickzack.net\/index.php?rest_route=%2Fwp%2Fv2%2Fmedia&parent=159"}],"curies":[{"name":"wp","href":"https:\/\/api.w.org\/{rel}","templated":true}]}}